{"id":35,"date":"2013-10-11T15:46:20","date_gmt":"2013-10-11T15:46:20","guid":{"rendered":"http:\/\/themeforest.unitedthemes.com\/wpversions\/brooklyn\/xml\/demo10\/?page_id=35"},"modified":"2016-10-06T17:38:01","modified_gmt":"2016-10-06T17:38:01","slug":"front-page","status":"publish","type":"page","link":"https:\/\/serigrafianonell.com\/es\/","title":{"rendered":"Home"},"content":{"rendered":"<p>Serigraf\u00eda Nonell cuenta con m\u00e1s 60 a\u00f1os de experiencia en el sector de la serigraf\u00eda en Catalu\u00f1a, siendo una de las primeras empresas en dar este servicio en nuestro pa\u00eds.<br \/>\nEn sus inicios, su fundador Manel Nonell se dedic\u00f3 a la rotulaci\u00f3n, pero pronto empez\u00f3 a experimentar con una nueva t\u00e9cnica llamada serigraf\u00eda, que apenas era conocida en Espa\u00f1a y pr\u00e1cticamente se pod\u00eda considerar como una t\u00e9cnica secreta, por los pocos que la conoc\u00edan.<\/p>\n<p>Con los a\u00f1os fue perfeccionando la t\u00e9cnica, y tambi\u00e9n surgieron productos m\u00e1s especializados, maquinaria, etc. Hasta llegar a nuestros d\u00edas, d\u00f3nde la serigraf\u00eda es una realidad en campo muy amplio de la aplicaci\u00f3n en todos los sectores industriales de nuestra sociedad.<\/p>\n<p>Actualmente, seguimos trabajando para incorporar en nuestra empresa las t\u00e9cnicas m\u00e1s modernas del mercado, para as\u00ed poder ofrecer el mejor servicio a nuestros clientes.<\/p>\n","protected":false},"excerpt":{"rendered":"<p>Serigraf\u00eda Nonell cuenta con m\u00e1s 60 a\u00f1os de experiencia en el sector de la serigraf\u00eda en Catalu\u00f1a, siendo una de las primeras empresas en dar este servicio en nuestro pa\u00eds. En sus inicios, su fundador Manel Nonell se dedic\u00f3 a la rotulaci\u00f3n, pero pronto empez\u00f3 a experimentar con una nueva t\u00e9cnica llamada serigraf\u00eda, que apenas [&hellip;]<\/p>\n","protected":false},"author":3,"featured_media":0,"parent":0,"menu_order":0,"comment_status":"closed","ping_status":"open","template":"","meta":{"jetpack_post_was_ever_published":false,"footnotes":""},"class_list":["post-35","page","type-page","status-publish","hentry"],"jetpack_sharing_enabled":true,"_links":{"self":[{"href":"https:\/\/serigrafianonell.com\/es\/wp-json\/wp\/v2\/pages\/35\/"}],"collection":[{"href":"https:\/\/serigrafianonell.com\/es\/wp-json\/wp\/v2\/pages\/"}],"about":[{"href":"https:\/\/serigrafianonell.com\/es\/wp-json\/wp\/v2\/types\/page\/"}],"author":[{"embeddable":true,"href":"https:\/\/serigrafianonell.com\/es\/wp-json\/wp\/v2\/users\/3\/"}],"replies":[{"embeddable":true,"href":"https:\/\/serigrafianonell.com\/es\/wp-json\/wp\/v2\/comments\/?post=35"}],"version-history":[{"count":0,"href":"https:\/\/serigrafianonell.com\/es\/wp-json\/wp\/v2\/pages\/35\/revisions\/"}],"wp:attachment":[{"href":"https:\/\/serigrafianonell.com\/es\/wp-json\/wp\/v2\/media\/?parent=35"}],"curies":[{"name":"wp","href":"https:\/\/api.w.org\/{rel}","templated":true}]}}